{"id":132,"date":"2016-01-29T16:17:38","date_gmt":"2016-01-29T15:17:38","guid":{"rendered":"https:\/\/www.hoevechapeau.nl\/de\/?page_id=132"},"modified":"2021-04-08T12:17:49","modified_gmt":"2021-04-08T11:17:49","slug":"rooms","status":"publish","type":"page","link":"https:\/\/www.hoevechapeau.nl\/de\/rooms\/","title":{"rendered":"Zimmer"},"content":{"rendered":"<p>Bauernhof Chapeau verf\u00fcgt \u00fcber f\u00fcnf Zimmer, jedes benannt nach einem der vielen V\u00f6gel, die normalerweise in der Region zu finden sind. Die Zimmer sind licht und luftig und verf\u00fcgen alle \u00fcber ein eigenes Badezimmer. Einige Zimmer bieten einen direkten Zugang zum Garten. Hoeve Chapeau ist als Gruppenunterkunft vermietet, sowie pro Zimmer f\u00fcr individuelle G\u00e4ste.<\/p>\n<p><a href=\"https:\/\/www.hoevechapeau.nl\/de\/jetzt-buchen\/\" class=\"c-btn\">Jetzt buchen<\/a><\/p>\n<section class=\"kamersBox\">\n<div class=\"room\">\n<div class=\"block\">\n<div id=\"new-royalslider-2\" class=\"royalSlider new-royalslider-2 rsUni rs-default-template\" style=\"width:100%;height:300px;;\">\n<div class=\"rsContent\">\n  <img decoding=\"async\" class=\"rsImg\" src=\"https:\/\/www.hoevechapeau.nl\/de\/wp-content\/uploads\/sites\/5\/2016\/01\/kievitstee-4.jpg\" data-rsBigImg=\"https:\/\/www.hoevechapeau.nl\/de\/wp-content\/uploads\/sites\/5\/2016\/01\/kievitstee-4.jpg\" alt=\"kievitstee (4)\"\/>\n  \n  \n  \n<\/div>\n<div class=\"rsContent\">\n  <img decoding=\"async\" class=\"rsImg\" src=\"https:\/\/www.hoevechapeau.nl\/de\/wp-content\/uploads\/sites\/5\/2016\/01\/kievitstee-1.jpg\" data-rsBigImg=\"https:\/\/www.hoevechapeau.nl\/de\/wp-content\/uploads\/sites\/5\/2016\/01\/kievitstee-1.jpg\" alt=\"kievitstee (1)\"\/>\n  \n  \n  \n<\/div>\n<div class=\"rsContent\">\n  <img decoding=\"async\" class=\"rsImg\" src=\"https:\/\/www.hoevechapeau.nl\/de\/wp-content\/uploads\/sites\/5\/2016\/01\/kievitstee-2.jpg\" data-rsBigImg=\"https:\/\/www.hoevechapeau.nl\/de\/wp-content\/uploads\/sites\/5\/2016\/01\/kievitstee-2.jpg\" alt=\"kievitstee (2)\"\/>\n  \n  \n  \n<\/div>\n<div class=\"rsContent\">\n  <img decoding=\"async\" class=\"rsImg\" src=\"https:\/\/www.hoevechapeau.nl\/de\/wp-content\/uploads\/sites\/5\/2016\/01\/kievitstee-3.jpg\" data-rsBigImg=\"https:\/\/www.hoevechapeau.nl\/de\/wp-content\/uploads\/sites\/5\/2016\/01\/kievitstee-3.jpg\" alt=\"kievitstee (3)\"\/>\n  \n  \n  \n<\/div>\n<div class=\"rsContent\">\n  <img decoding=\"async\" class=\"rsImg\" src=\"https:\/\/www.hoevechapeau.nl\/de\/wp-content\/uploads\/sites\/5\/2016\/01\/kievitstee-5.jpg\" data-rsBigImg=\"https:\/\/www.hoevechapeau.nl\/de\/wp-content\/uploads\/sites\/5\/2016\/01\/kievitstee-5.jpg\" alt=\"kievitstee (5)\"\/>\n  \n  \n  \n<\/div>\n<div class=\"rsContent\">\n  <img decoding=\"async\" class=\"rsImg\" src=\"https:\/\/www.hoevechapeau.nl\/de\/wp-content\/uploads\/sites\/5\/2016\/01\/kievitstee-6.jpg\" data-rsBigImg=\"https:\/\/www.hoevechapeau.nl\/de\/wp-content\/uploads\/sites\/5\/2016\/01\/kievitstee-6.jpg\" alt=\"kievitstee (6)\"\/>\n  \n  \n  \n<\/div>\n<div class=\"rsContent\">\n  <img decoding=\"async\" class=\"rsImg\" src=\"https:\/\/www.hoevechapeau.nl\/de\/wp-content\/uploads\/sites\/5\/2016\/01\/kievitstee-7.jpg\" data-rsBigImg=\"https:\/\/www.hoevechapeau.nl\/de\/wp-content\/uploads\/sites\/5\/2016\/01\/kievitstee-7.jpg\" alt=\"kievitstee (7)\"\/>\n  \n  \n  \n<\/div>\n<div class=\"rsContent\">\n  <img decoding=\"async\" class=\"rsImg\" src=\"https:\/\/www.hoevechapeau.nl\/de\/wp-content\/uploads\/sites\/5\/2016\/01\/kievitstee-8.jpg\" data-rsBigImg=\"https:\/\/www.hoevechapeau.nl\/de\/wp-content\/uploads\/sites\/5\/2016\/01\/kievitstee-8.jpg\" alt=\"kievitstee (8)\"\/>\n  \n  \n  \n<\/div>\n<div class=\"rsContent\">\n  <img decoding=\"async\" class=\"rsImg\" src=\"https:\/\/www.hoevechapeau.nl\/de\/wp-content\/uploads\/sites\/5\/2016\/01\/kievitstee-9.jpg\" data-rsBigImg=\"https:\/\/www.hoevechapeau.nl\/de\/wp-content\/uploads\/sites\/5\/2016\/01\/kievitstee-9.jpg\" alt=\"kievitstee (9)\"\/>\n  \n  \n  \n<\/div>\n<div class=\"rsContent\">\n  <img decoding=\"async\" class=\"rsImg\" src=\"https:\/\/www.hoevechapeau.nl\/de\/wp-content\/uploads\/sites\/5\/2016\/01\/kievitstee-10.jpg\" data-rsBigImg=\"https:\/\/www.hoevechapeau.nl\/de\/wp-content\/uploads\/sites\/5\/2016\/01\/kievitstee-10.jpg\" alt=\"kievitstee (10)\"\/>\n  \n  \n  \n<\/div>\n<div class=\"rsContent\">\n  <img decoding=\"async\" class=\"rsImg\" src=\"https:\/\/www.hoevechapeau.nl\/de\/wp-content\/uploads\/sites\/5\/2016\/01\/kievitstee-11.jpg\" data-rsBigImg=\"https:\/\/www.hoevechapeau.nl\/de\/wp-content\/uploads\/sites\/5\/2016\/01\/kievitstee-11.jpg\" alt=\"kievitstee (11)\"\/>\n  \n  \n  \n<\/div>\n\n<\/div>\n\n<\/div>\n<div class=\"block\">\n<h1>Kievitstee<\/h1>\n<ul class=\"room\">\n<li>2 Einzelbetten f\u00fcr Erwachsene<\/li>\n<li>Alkoven f\u00fcr zwei Kinder<\/li>\n<li>Badezimmer mit Whirlpool und Dusche<\/li>\n<\/ul>\n<\/div>\n<\/div>\n<div class=\"room\">\n<div class=\"block\">\n<div id=\"new-royalslider-2\" class=\"royalSlider new-royalslider-2 rsUni rs-default-template\" style=\"width:100%;height:300px;;\">\n<div class=\"rsContent\">\n  <img decoding=\"async\" class=\"rsImg\" src=\"https:\/\/www.hoevechapeau.nl\/de\/wp-content\/uploads\/sites\/5\/2019\/02\/Foto_8.jpg\" data-rsBigImg=\"https:\/\/www.hoevechapeau.nl\/de\/wp-content\/uploads\/sites\/5\/2019\/02\/Foto_8.jpg\" alt=\"Foto_8\"\/>\n  \n  \n  \n<\/div>\n<div class=\"rsContent\">\n  <img decoding=\"async\" class=\"rsImg\" src=\"https:\/\/www.hoevechapeau.nl\/de\/wp-content\/uploads\/sites\/5\/2019\/02\/Foto_11-1.jpg\" data-rsBigImg=\"https:\/\/www.hoevechapeau.nl\/de\/wp-content\/uploads\/sites\/5\/2019\/02\/Foto_11-1.jpg\" alt=\"Foto_11\"\/>\n  \n  \n  \n<\/div>\n<div class=\"rsContent\">\n  <img decoding=\"async\" class=\"rsImg\" src=\"https:\/\/www.hoevechapeau.nl\/de\/wp-content\/uploads\/sites\/5\/2019\/02\/Foto_3-1.jpg\" data-rsBigImg=\"https:\/\/www.hoevechapeau.nl\/de\/wp-content\/uploads\/sites\/5\/2019\/02\/Foto_3-1.jpg\" alt=\"Foto_3\"\/>\n  \n  \n  \n<\/div>\n<div class=\"rsContent\">\n  <img decoding=\"async\" class=\"rsImg\" src=\"https:\/\/www.hoevechapeau.nl\/de\/wp-content\/uploads\/sites\/5\/2019\/02\/Foto_2.jpg\" data-rsBigImg=\"https:\/\/www.hoevechapeau.nl\/de\/wp-content\/uploads\/sites\/5\/2019\/02\/Foto_2.jpg\" alt=\"Foto_2\"\/>\n  \n  \n  \n<\/div>\n\n<\/div>\n\n<\/div>\n<div class=\"block\">\n<h1>Rietzangersuite<\/h1>\n<ul class=\"room\">\n<li>Rundes Luxusdoppelbett f\u00fcr Erwachsene<\/li>\n<li>Badezimmer mit mehrfacher Dusche<\/li>\n<li>Direkter Zugang vom Zimmer in den Garten<\/li>\n<\/ul>\n<\/div>\n<\/div>\n<div class=\"room\">\n<div class=\"block\">\n<div id=\"new-royalslider-2\" class=\"royalSlider new-royalslider-2 rsUni rs-default-template\" style=\"width:100%;height:300px;;\">\n<div class=\"rsContent\">\n  <img decoding=\"async\" class=\"rsImg\" src=\"https:\/\/www.hoevechapeau.nl\/de\/wp-content\/uploads\/sites\/5\/2016\/01\/koekoekskwartier-1.jpg\" data-rsBigImg=\"https:\/\/www.hoevechapeau.nl\/de\/wp-content\/uploads\/sites\/5\/2016\/01\/koekoekskwartier-1.jpg\" alt=\"koekoekskwartier (1)\"\/>\n  \n  \n  \n<\/div>\n<div class=\"rsContent\">\n  <img decoding=\"async\" class=\"rsImg\" src=\"https:\/\/www.hoevechapeau.nl\/de\/wp-content\/uploads\/sites\/5\/2016\/01\/koekoekskwartier-2.jpg\" data-rsBigImg=\"https:\/\/www.hoevechapeau.nl\/de\/wp-content\/uploads\/sites\/5\/2016\/01\/koekoekskwartier-2.jpg\" alt=\"koekoekskwartier (2)\"\/>\n  \n  \n  \n<\/div>\n<div class=\"rsContent\">\n  <img decoding=\"async\" class=\"rsImg\" src=\"https:\/\/www.hoevechapeau.nl\/de\/wp-content\/uploads\/sites\/5\/2016\/01\/koekoekskwartier-3.jpg\" data-rsBigImg=\"https:\/\/www.hoevechapeau.nl\/de\/wp-content\/uploads\/sites\/5\/2016\/01\/koekoekskwartier-3.jpg\" alt=\"koekoekskwartier (3)\"\/>\n  \n  \n  \n<\/div>\n<div class=\"rsContent\">\n  <img decoding=\"async\" class=\"rsImg\" src=\"https:\/\/www.hoevechapeau.nl\/de\/wp-content\/uploads\/sites\/5\/2016\/01\/koekoekskwartier-4.jpg\" data-rsBigImg=\"https:\/\/www.hoevechapeau.nl\/de\/wp-content\/uploads\/sites\/5\/2016\/01\/koekoekskwartier-4.jpg\" alt=\"koekoekskwartier (4)\"\/>\n  \n  \n  \n<\/div>\n<div class=\"rsContent\">\n  <img decoding=\"async\" class=\"rsImg\" src=\"https:\/\/www.hoevechapeau.nl\/de\/wp-content\/uploads\/sites\/5\/2016\/01\/koekoekskwartier-5.jpg\" data-rsBigImg=\"https:\/\/www.hoevechapeau.nl\/de\/wp-content\/uploads\/sites\/5\/2016\/01\/koekoekskwartier-5.jpg\" alt=\"koekoekskwartier (5)\"\/>\n  \n  \n  \n<\/div>\n<div class=\"rsContent\">\n  <img decoding=\"async\" class=\"rsImg\" src=\"https:\/\/www.hoevechapeau.nl\/de\/wp-content\/uploads\/sites\/5\/2016\/01\/koekoekskwartier-6.jpg\" data-rsBigImg=\"https:\/\/www.hoevechapeau.nl\/de\/wp-content\/uploads\/sites\/5\/2016\/01\/koekoekskwartier-6.jpg\" alt=\"koekoekskwartier (6)\"\/>\n  \n  \n  \n<\/div>\n<div class=\"rsContent\">\n  <img decoding=\"async\" class=\"rsImg\" src=\"https:\/\/www.hoevechapeau.nl\/de\/wp-content\/uploads\/sites\/5\/2016\/01\/koekoekskwartier-7.jpg\" data-rsBigImg=\"https:\/\/www.hoevechapeau.nl\/de\/wp-content\/uploads\/sites\/5\/2016\/01\/koekoekskwartier-7.jpg\" alt=\"koekoekskwartier (7)\"\/>\n  \n  \n  \n<\/div>\n<div class=\"rsContent\">\n  <img decoding=\"async\" class=\"rsImg\" src=\"https:\/\/www.hoevechapeau.nl\/de\/wp-content\/uploads\/sites\/5\/2016\/01\/koekoekskwartier-8.jpg\" data-rsBigImg=\"https:\/\/www.hoevechapeau.nl\/de\/wp-content\/uploads\/sites\/5\/2016\/01\/koekoekskwartier-8.jpg\" alt=\"koekoekskwartier (8)\"\/>\n  \n  \n  \n<\/div>\n<div class=\"rsContent\">\n  <img decoding=\"async\" class=\"rsImg\" src=\"https:\/\/www.hoevechapeau.nl\/de\/wp-content\/uploads\/sites\/5\/2016\/01\/koekoekskwartier-9.jpg\" data-rsBigImg=\"https:\/\/www.hoevechapeau.nl\/de\/wp-content\/uploads\/sites\/5\/2016\/01\/koekoekskwartier-9.jpg\" alt=\"koekoekskwartier (9)\"\/>\n  \n  \n  \n<\/div>\n<div class=\"rsContent\">\n  <img decoding=\"async\" class=\"rsImg\" src=\"https:\/\/www.hoevechapeau.nl\/de\/wp-content\/uploads\/sites\/5\/2016\/01\/koekoekskwartier-10.jpg\" data-rsBigImg=\"https:\/\/www.hoevechapeau.nl\/de\/wp-content\/uploads\/sites\/5\/2016\/01\/koekoekskwartier-10.jpg\" alt=\"koekoekskwartier (10)\"\/>\n  \n  \n  \n<\/div>\n\n<\/div>\n\n<\/div>\n<div class=\"block\">\n<h1>Koekoekskwartier<\/h1>\n<ul class=\"room\">\n<li>2 Einzelbetten<\/li>\n<li>Schlafsofa f\u00fcr 3. Person<\/li>\n<li>Badezimmer mit mehrfacher Dusche<\/li>\n<li>Direkter Zugang vom Zimmer in den Garten<\/li>\n<\/ul>\n<\/div>\n<\/div>\n<div class=\"room\">\n<div class=\"block\">\n<div id=\"new-royalslider-2\" class=\"royalSlider new-royalslider-2 rsUni rs-default-template\" style=\"width:100%;height:300px;;\">\n<div class=\"rsContent\">\n  <img decoding=\"async\" class=\"rsImg\" src=\"https:\/\/www.hoevechapeau.nl\/de\/wp-content\/uploads\/sites\/5\/2016\/01\/reigersnest-22.jpg\" data-rsBigImg=\"https:\/\/www.hoevechapeau.nl\/de\/wp-content\/uploads\/sites\/5\/2016\/01\/reigersnest-22.jpg\" alt=\"reigersnest (22)\"\/>\n  \n  \n  \n<\/div>\n<div class=\"rsContent\">\n  <img decoding=\"async\" class=\"rsImg\" src=\"https:\/\/www.hoevechapeau.nl\/de\/wp-content\/uploads\/sites\/5\/2016\/01\/reigersnest-1.jpg\" data-rsBigImg=\"https:\/\/www.hoevechapeau.nl\/de\/wp-content\/uploads\/sites\/5\/2016\/01\/reigersnest-1.jpg\" alt=\"reigersnest (1)\"\/>\n  \n  \n  \n<\/div>\n<div class=\"rsContent\">\n  <img decoding=\"async\" class=\"rsImg\" src=\"https:\/\/www.hoevechapeau.nl\/de\/wp-content\/uploads\/sites\/5\/2016\/01\/reigersnest-2.jpg\" data-rsBigImg=\"https:\/\/www.hoevechapeau.nl\/de\/wp-content\/uploads\/sites\/5\/2016\/01\/reigersnest-2.jpg\" alt=\"reigersnest (2)\"\/>\n  \n  \n  \n<\/div>\n<div class=\"rsContent\">\n  <img decoding=\"async\" class=\"rsImg\" src=\"https:\/\/www.hoevechapeau.nl\/de\/wp-content\/uploads\/sites\/5\/2016\/01\/reigersnest-3.jpg\" data-rsBigImg=\"https:\/\/www.hoevechapeau.nl\/de\/wp-content\/uploads\/sites\/5\/2016\/01\/reigersnest-3.jpg\" alt=\"reigersnest (3)\"\/>\n  \n  \n  \n<\/div>\n<div class=\"rsContent\">\n  <img decoding=\"async\" class=\"rsImg\" src=\"https:\/\/www.hoevechapeau.nl\/de\/wp-content\/uploads\/sites\/5\/2016\/01\/reigersnest-4.jpg\" data-rsBigImg=\"https:\/\/www.hoevechapeau.nl\/de\/wp-content\/uploads\/sites\/5\/2016\/01\/reigersnest-4.jpg\" alt=\"reigersnest (4)\"\/>\n  \n  \n  \n<\/div>\n<div class=\"rsContent\">\n  <img decoding=\"async\" class=\"rsImg\" src=\"https:\/\/www.hoevechapeau.nl\/de\/wp-content\/uploads\/sites\/5\/2016\/01\/reigersnest-5.jpg\" data-rsBigImg=\"https:\/\/www.hoevechapeau.nl\/de\/wp-content\/uploads\/sites\/5\/2016\/01\/reigersnest-5.jpg\" alt=\"reigersnest (5)\"\/>\n  \n  \n  \n<\/div>\n<div class=\"rsContent\">\n  <img decoding=\"async\" class=\"rsImg\" src=\"https:\/\/www.hoevechapeau.nl\/de\/wp-content\/uploads\/sites\/5\/2016\/01\/reigersnest-6.jpg\" data-rsBigImg=\"https:\/\/www.hoevechapeau.nl\/de\/wp-content\/uploads\/sites\/5\/2016\/01\/reigersnest-6.jpg\" alt=\"reigersnest (6)\"\/>\n  \n  \n  \n<\/div>\n<div class=\"rsContent\">\n  <img decoding=\"async\" class=\"rsImg\" src=\"https:\/\/www.hoevechapeau.nl\/de\/wp-content\/uploads\/sites\/5\/2016\/01\/reigersnest-7.jpg\" data-rsBigImg=\"https:\/\/www.hoevechapeau.nl\/de\/wp-content\/uploads\/sites\/5\/2016\/01\/reigersnest-7.jpg\" alt=\"reigersnest (7)\"\/>\n  \n  \n  \n<\/div>\n<div class=\"rsContent\">\n  <img decoding=\"async\" class=\"rsImg\" src=\"https:\/\/www.hoevechapeau.nl\/de\/wp-content\/uploads\/sites\/5\/2016\/01\/reigersnest-8.jpg\" data-rsBigImg=\"https:\/\/www.hoevechapeau.nl\/de\/wp-content\/uploads\/sites\/5\/2016\/01\/reigersnest-8.jpg\" alt=\"reigersnest (8)\"\/>\n  \n  \n  \n<\/div>\n<div class=\"rsContent\">\n  <img decoding=\"async\" class=\"rsImg\" src=\"https:\/\/www.hoevechapeau.nl\/de\/wp-content\/uploads\/sites\/5\/2016\/01\/reigersnest-9.jpg\" data-rsBigImg=\"https:\/\/www.hoevechapeau.nl\/de\/wp-content\/uploads\/sites\/5\/2016\/01\/reigersnest-9.jpg\" alt=\"reigersnest (9)\"\/>\n  \n  \n  \n<\/div>\n<div class=\"rsContent\">\n  <img decoding=\"async\" class=\"rsImg\" src=\"https:\/\/www.hoevechapeau.nl\/de\/wp-content\/uploads\/sites\/5\/2016\/01\/reigersnest-10.jpg\" data-rsBigImg=\"https:\/\/www.hoevechapeau.nl\/de\/wp-content\/uploads\/sites\/5\/2016\/01\/reigersnest-10.jpg\" alt=\"reigersnest (10)\"\/>\n  \n  \n  \n<\/div>\n<div class=\"rsContent\">\n  <img decoding=\"async\" class=\"rsImg\" src=\"https:\/\/www.hoevechapeau.nl\/de\/wp-content\/uploads\/sites\/5\/2016\/01\/reigersnest-11.jpg\" data-rsBigImg=\"https:\/\/www.hoevechapeau.nl\/de\/wp-content\/uploads\/sites\/5\/2016\/01\/reigersnest-11.jpg\" alt=\"reigersnest (11)\"\/>\n  \n  \n  \n<\/div>\n<div class=\"rsContent\">\n  <img decoding=\"async\" class=\"rsImg\" src=\"https:\/\/www.hoevechapeau.nl\/de\/wp-content\/uploads\/sites\/5\/2016\/01\/reigersnest-12.jpg\" data-rsBigImg=\"https:\/\/www.hoevechapeau.nl\/de\/wp-content\/uploads\/sites\/5\/2016\/01\/reigersnest-12.jpg\" alt=\"reigersnest (12)\"\/>\n  \n  \n  \n<\/div>\n<div class=\"rsContent\">\n  <img decoding=\"async\" class=\"rsImg\" src=\"https:\/\/www.hoevechapeau.nl\/de\/wp-content\/uploads\/sites\/5\/2016\/01\/reigersnest-13.jpg\" data-rsBigImg=\"https:\/\/www.hoevechapeau.nl\/de\/wp-content\/uploads\/sites\/5\/2016\/01\/reigersnest-13.jpg\" alt=\"reigersnest (13)\"\/>\n  \n  \n  \n<\/div>\n<div class=\"rsContent\">\n  <img decoding=\"async\" class=\"rsImg\" src=\"https:\/\/www.hoevechapeau.nl\/de\/wp-content\/uploads\/sites\/5\/2016\/01\/reigersnest-16.jpg\" data-rsBigImg=\"https:\/\/www.hoevechapeau.nl\/de\/wp-content\/uploads\/sites\/5\/2016\/01\/reigersnest-16.jpg\" alt=\"reigersnest (16)\"\/>\n  \n  \n  \n<\/div>\n<div class=\"rsContent\">\n  <img decoding=\"async\" class=\"rsImg\" src=\"https:\/\/www.hoevechapeau.nl\/de\/wp-content\/uploads\/sites\/5\/2016\/01\/reigersnest-17.jpg\" data-rsBigImg=\"https:\/\/www.hoevechapeau.nl\/de\/wp-content\/uploads\/sites\/5\/2016\/01\/reigersnest-17.jpg\" alt=\"reigersnest (17)\"\/>\n  \n  \n  \n<\/div>\n<div class=\"rsContent\">\n  <img decoding=\"async\" class=\"rsImg\" src=\"https:\/\/www.hoevechapeau.nl\/de\/wp-content\/uploads\/sites\/5\/2016\/01\/reigersnest-18.jpg\" data-rsBigImg=\"https:\/\/www.hoevechapeau.nl\/de\/wp-content\/uploads\/sites\/5\/2016\/01\/reigersnest-18.jpg\" alt=\"reigersnest (18)\"\/>\n  \n  \n  \n<\/div>\n<div class=\"rsContent\">\n  <img decoding=\"async\" class=\"rsImg\" src=\"https:\/\/www.hoevechapeau.nl\/de\/wp-content\/uploads\/sites\/5\/2016\/01\/reigersnest-21.jpg\" data-rsBigImg=\"https:\/\/www.hoevechapeau.nl\/de\/wp-content\/uploads\/sites\/5\/2016\/01\/reigersnest-21.jpg\" alt=\"reigersnest (21)\"\/>\n  \n  \n  \n<\/div>\n<div class=\"rsContent\">\n  <img decoding=\"async\" class=\"rsImg\" src=\"https:\/\/www.hoevechapeau.nl\/de\/wp-content\/uploads\/sites\/5\/2016\/01\/reigersnest-24.jpg\" data-rsBigImg=\"https:\/\/www.hoevechapeau.nl\/de\/wp-content\/uploads\/sites\/5\/2016\/01\/reigersnest-24.jpg\" alt=\"reigersnest (24)\"\/>\n  \n  \n  \n<\/div>\n\n<\/div>\n\n<\/div>\n<div class=\"block\">\n<h1>Reigersnest<\/h1>\n<ul class=\"room\">\n<li>2 Einzelbetten<\/li>\n<li>Badezimmer mit mehrfacher Dusche (f\u00fcr behinderte G\u00e4ste geeignet)<\/li>\n<\/ul>\n<\/div>\n<\/div>\n<div class=\"room\">\n<div class=\"block\">\n<div id=\"new-royalslider-2\" class=\"royalSlider new-royalslider-2 rsUni rs-default-template\" style=\"width:100%;height:300px;;\">\n<div class=\"rsContent\">\n  <img decoding=\"async\" class=\"rsImg\" src=\"https:\/\/www.hoevechapeau.nl\/de\/wp-content\/uploads\/sites\/5\/2016\/01\/watersnipkooi-4.jpg\" data-rsBigImg=\"https:\/\/www.hoevechapeau.nl\/de\/wp-content\/uploads\/sites\/5\/2016\/01\/watersnipkooi-4.jpg\" alt=\"watersnipkooi (4)\"\/>\n  \n  \n  \n<\/div>\n<div class=\"rsContent\">\n  <img decoding=\"async\" class=\"rsImg\" src=\"https:\/\/www.hoevechapeau.nl\/de\/wp-content\/uploads\/sites\/5\/2016\/01\/watersnipkooi-2.jpg\" data-rsBigImg=\"https:\/\/www.hoevechapeau.nl\/de\/wp-content\/uploads\/sites\/5\/2016\/01\/watersnipkooi-2.jpg\" alt=\"watersnipkooi (2)\"\/>\n  \n  \n  \n<\/div>\n<div class=\"rsContent\">\n  <img decoding=\"async\" class=\"rsImg\" src=\"https:\/\/www.hoevechapeau.nl\/de\/wp-content\/uploads\/sites\/5\/2016\/01\/watersnipkooi-3.jpg\" data-rsBigImg=\"https:\/\/www.hoevechapeau.nl\/de\/wp-content\/uploads\/sites\/5\/2016\/01\/watersnipkooi-3.jpg\" alt=\"watersnipkooi (3)\"\/>\n  \n  \n  \n<\/div>\n<div class=\"rsContent\">\n  <img decoding=\"async\" class=\"rsImg\" src=\"https:\/\/www.hoevechapeau.nl\/de\/wp-content\/uploads\/sites\/5\/2016\/01\/watersnipkooi-6.jpg\" data-rsBigImg=\"https:\/\/www.hoevechapeau.nl\/de\/wp-content\/uploads\/sites\/5\/2016\/01\/watersnipkooi-6.jpg\" alt=\"watersnipkooi (6)\"\/>\n  \n  \n  \n<\/div>\n<div class=\"rsContent\">\n  <img decoding=\"async\" class=\"rsImg\" src=\"https:\/\/www.hoevechapeau.nl\/de\/wp-content\/uploads\/sites\/5\/2016\/01\/watersnipkooi-5.jpg\" data-rsBigImg=\"https:\/\/www.hoevechapeau.nl\/de\/wp-content\/uploads\/sites\/5\/2016\/01\/watersnipkooi-5.jpg\" alt=\"watersnipkooi (5)\"\/>\n  \n  \n  \n<\/div>\n<div class=\"rsContent\">\n  <img decoding=\"async\" class=\"rsImg\" src=\"https:\/\/www.hoevechapeau.nl\/de\/wp-content\/uploads\/sites\/5\/2016\/01\/watersnipkooi-7.jpg\" data-rsBigImg=\"https:\/\/www.hoevechapeau.nl\/de\/wp-content\/uploads\/sites\/5\/2016\/01\/watersnipkooi-7.jpg\" alt=\"watersnipkooi (7)\"\/>\n  \n  \n  \n<\/div>\n<div class=\"rsContent\">\n  <img decoding=\"async\" class=\"rsImg\" src=\"https:\/\/www.hoevechapeau.nl\/de\/wp-content\/uploads\/sites\/5\/2016\/01\/watersnipkooi-8.jpg\" data-rsBigImg=\"https:\/\/www.hoevechapeau.nl\/de\/wp-content\/uploads\/sites\/5\/2016\/01\/watersnipkooi-8.jpg\" alt=\"watersnipkooi (8)\"\/>\n  \n  \n  \n<\/div>\n<div class=\"rsContent\">\n  <img decoding=\"async\" class=\"rsImg\" src=\"https:\/\/www.hoevechapeau.nl\/de\/wp-content\/uploads\/sites\/5\/2016\/01\/watersnipkooi-9.jpg\" data-rsBigImg=\"https:\/\/www.hoevechapeau.nl\/de\/wp-content\/uploads\/sites\/5\/2016\/01\/watersnipkooi-9.jpg\" alt=\"watersnipkooi (9)\"\/>\n  \n  \n  \n<\/div>\n<div class=\"rsContent\">\n  <img decoding=\"async\" class=\"rsImg\" src=\"https:\/\/www.hoevechapeau.nl\/de\/wp-content\/uploads\/sites\/5\/2016\/01\/watersnipkooi-10.jpg\" data-rsBigImg=\"https:\/\/www.hoevechapeau.nl\/de\/wp-content\/uploads\/sites\/5\/2016\/01\/watersnipkooi-10.jpg\" alt=\"watersnipkooi (10)\"\/>\n  \n  \n  \n<\/div>\n\n<\/div>\n\n<\/div>\n<div class=\"block\">\n<h1>Watersnipkooi<\/h1>\n<ul class=\"room\">\n<li>2 Einzelbetten<\/li>\n<li>Schlafsofa f\u00fcr 3. Person<\/li>\n<li>Badezimmer mit Whirlpool und Dusche<\/li>\n<\/ul>\n<\/div>\n<\/div>\n<\/section>\n","protected":false},"excerpt":{"rendered":"<p>Bauernhof Chapeau verf\u00fcgt \u00fcber f\u00fcnf Zimmer, jedes benannt nach einem der vielen V\u00f6gel, die normalerweise in der Region zu finden sind. Die Zimmer sind licht und luftig und verf\u00fcgen alle \u00fcber ein eigenes Badezimmer. Einige Zimmer bieten einen direkten Zugang zum Garten. Hoeve Chapeau ist als Gruppenunterkunft vermietet, sowie pro &hellip; <a href=\"https:\/\/www.hoevechapeau.nl\/de\/rooms\/\" class=\"more-link\">Mehr lesen<span class=\"screen-reader-text\">Zimmer<\/span> <span class=\"meta-nav\">&rarr;<\/span><\/a><\/p>\n","protected":false},"author":1,"featured_media":0,"parent":0,"menu_order":0,"comment_status":"closed","ping_status":"closed","template":"","meta":{"_acf_changed":false,"_monsterinsights_skip_tracking":false,"_monsterinsights_sitenote_active":false,"_monsterinsights_sitenote_note":"","_monsterinsights_sitenote_category":0,"footnotes":""},"class_list":["post-132","page","type-page","status-publish","hentry"],"acf":[],"_links":{"self":[{"href":"https:\/\/www.hoevechapeau.nl\/de\/wp-json\/wp\/v2\/pages\/132","targetHints":{"allow":["GET"]}}],"collection":[{"href":"https:\/\/www.hoevechapeau.nl\/de\/wp-json\/wp\/v2\/pages"}],"about":[{"href":"https:\/\/www.hoevechapeau.nl\/de\/wp-json\/wp\/v2\/types\/page"}],"author":[{"embeddable":true,"href":"https:\/\/www.hoevechapeau.nl\/de\/wp-json\/wp\/v2\/users\/1"}],"replies":[{"embeddable":true,"href":"https:\/\/www.hoevechapeau.nl\/de\/wp-json\/wp\/v2\/comments?post=132"}],"version-history":[{"count":101,"href":"https:\/\/www.hoevechapeau.nl\/de\/wp-json\/wp\/v2\/pages\/132\/revisions"}],"predecessor-version":[{"id":737,"href":"https:\/\/www.hoevechapeau.nl\/de\/wp-json\/wp\/v2\/pages\/132\/revisions\/737"}],"wp:attachment":[{"href":"https:\/\/www.hoevechapeau.nl\/de\/wp-json\/wp\/v2\/media?parent=132"}],"curies":[{"name":"wp","href":"https:\/\/api.w.org\/{rel}","templated":true}]}}